{"id":838,"date":"2026-03-11T00:19:36","date_gmt":"2026-03-11T00:19:36","guid":{"rendered":"https:\/\/www.fipnotredamedekibeho.org\/?page_id=838"},"modified":"2026-03-21T18:36:25","modified_gmt":"2026-03-21T18:36:25","slug":"contact-2","status":"publish","type":"page","link":"https:\/\/www.fipnotredamedekibeho.org\/en_gb\/contact-2\/","title":{"rendered":"Contact"},"content":{"rendered":"<div data-elementor-type=\"wp-page\" data-elementor-id=\"838\" class=\"elementor elementor-838\">\n\t\t\t\t<div class=\"elementor-element elementor-element-7d3ff77 e-flex e-con-boxed e-con e-parent\" data-id=\"7d3ff77\" data-element_type=\"container\" data-e-type=\"container\">\n\t\t\t\t\t<div class=\"e-con-inner\">\n\t\t\t\t\t<\/div>\n\t\t\t\t<\/div>\n\t\t<div class=\"elementor-element elementor-element-1877c73 e-flex e-con-boxed e-con e-parent\" data-id=\"1877c73\" data-element_type=\"container\" data-e-type=\"container\">\n\t\t\t\t\t<div class=\"e-con-inner\">\n\t\t\t\t<div class=\"elementor-element elementor-element-d73e93d elementor-widget elementor-widget-html\" data-id=\"d73e93d\" data-element_type=\"widget\" data-e-type=\"widget\" data-widget_type=\"html.default\">\n\t\t\t\t\t<section class=\"faq-section\">\n  <div class=\"faq-container\">\n\n    <div class=\"faq-header\">\n      <p class=\"faq-eyebrow\">Contact<\/p>\n      <p>\n        Pour toute question, demande d\u2019information, intention de pri\u00e8re ou proposition de collaboration, ainsi que pour toute personne souhaitant devenir membre, collaborateur, ou partager une id\u00e9e, une exp\u00e9rience ou un t\u00e9moignage, nous vous invitons \u00e0 nous \u00e9crire en utilisant le formulaire ci-dessous.\nNous vous r\u00e9pondrons dans les plus brefs d\u00e9lais.\n      <\/p>\n    <\/div>\n\n    <div class=\"contact-grid\">\n\n      <div class=\"contact-info\">\n<p>\n  La Fondation Internationale des P\u00e8lerins de Notre-Dame de Kibeho\n  reste disponible pour toute personne souhaitant en savoir plus\n  sur sa mission, ses activit\u00e9s ou les p\u00e8lerinages li\u00e9s au sanctuaire.\n<\/p>\n\n<p>Vous pouvez utiliser ce formulaire pour :<\/p>\n\n<ul>\n  <li>\ud83d\udce9 Poser une question<\/li>\n  <li>\ud83d\udcc5 Demander des informations<\/li>\n  <li>\ud83d\ude4f Envoyer une intention de pri\u00e8re<\/li>\n  <li>\ud83e\udd1d Proposer une collaboration ou un partenariat<\/li>\n  <li>\ud83d\udc65 Devenir membre ou collaborateur<\/li>\n  <li>\ud83d\udca1 Partager une id\u00e9e<\/li>\n  <li>\ud83d\udd4a\ufe0f T\u00e9moigner d\u2019une exp\u00e9rience ou partager un t\u00e9moignage<\/li>\n<\/ul>\n\n        <p>\n          Nous vous remercions pour votre message et pour votre int\u00e9r\u00eat\n          envers la mission de Notre-Dame de Kibeho.\n        <\/p>\n      <\/div>\n\n      <div class=\"contact-form\">\n        <form action=\"https:\/\/formsubmit.co\/1a95a859c446cb8b4850059e980c1252\" method=\"POST\">\n\n<label style=\"display:none;\">Nom<\/label>\n<input type=\"text\" name=\"name\" placeholder=\"Votre nom *\" required>\n\n<div class=\"form-row\">\n\n  <div>\n    <input type=\"email\" name=\"email\" placeholder=\"Votre email *\" required>\n  <\/div>\n\n  <div>\n    <input type=\"tel\" name=\"phone\" placeholder=\"T\u00e9l\u00e9phone\">\n  <\/div>\n\n<\/div>\n\n<textarea name=\"message\" rows=\"5\" placeholder=\"Votre message *\" required><\/textarea>\n\n          <!-- Reply-To -->\n          <input type=\"hidden\" name=\"_replyto\">\n\n          <!-- Sujet de l\u2019email -->\n          <input type=\"hidden\" name=\"_subject\" value=\"Nouveau message depuis le site Notre-Dame de Kibeho\">\n\n          <!-- Page de redirection apr\u00e8s envoi -->\n          <input type=\"hidden\" name=\"_next\" value=\"https:\/\/www.fipnotredamedekibeho.org\/merci\/\">\n\n          <!-- Honeypot anti-spam -->\n          <input type=\"text\" name=\"_honey\" style=\"display:none\">\n\n          <!-- Optionnel : URL exacte de la page -->\n          <input type=\"hidden\" name=\"_url\" value=\"https:\/\/www.fipnotredamedekibeho.org\/contact-2\/\">\n\n          <button type=\"submit\">Envoyer le message<\/button>\n        <\/form>\n      <\/div>\n\n    <\/div>\n\n  <\/div>\n<\/section>\t\t\t\t<\/div>\n\t\t\t\t\t<\/div>\n\t\t\t\t<\/div>\n\t\t\t\t<\/div>","protected":false},"excerpt":{"rendered":"<p>Contact Pour toute question, demande d\u2019information, intention de pri\u00e8re ou proposition de collaboration, ainsi que pour toute personne souhaitant devenir membre, collaborateur, ou partager une id\u00e9e, une exp\u00e9rience ou un [&hellip;]<\/p>","protected":false},"author":1,"featured_media":0,"parent":0,"menu_order":0,"comment_status":"closed","ping_status":"closed","template":"","meta":{"give_campaign_id":0,"site-sidebar-layout":"no-sidebar","site-content-layout":"","ast-site-content-layout":"full-width-container","site-content-style":"default","site-sidebar-style":"default","ast-global-header-display":"","ast-banner-title-visibility":"","ast-main-header-display":"","ast-hfb-above-header-display":"","ast-hfb-below-header-display":"","ast-hfb-mobile-header-display":"","site-post-title":"disabled","ast-breadcrumbs-content":"","ast-featured-img":"disabled","footer-sml-layout":"","ast-disable-related-posts":"","theme-transparent-header-meta":"","adv-header-id-meta":"","stick-header-meta":"","header-above-stick-meta":"","header-main-stick-meta":"","header-below-stick-meta":"","astra-migrate-meta-layouts":"default","ast-page-background-enabled":"default","ast-page-background-meta":{"desktop":{"background-color":"var(--ast-global-color-5)","background-image":"","background-repeat":"repeat","background-position":"center center","background-size":"auto","background-attachment":"scroll","background-type":"","background-media":"","overlay-type":"","overlay-color":"","overlay-opacity":"","overlay-gradient":""},"tablet":{"background-color":"","background-image":"","background-repeat":"repeat","background-position":"center center","background-size":"auto","background-attachment":"scroll","background-type":"","background-media":"","overlay-type":"","overlay-color":"","overlay-opacity":"","overlay-gradient":""},"mobile":{"background-color":"","background-image":"","background-repeat":"repeat","background-position":"center center","background-size":"auto","background-attachment":"scroll","background-type":"","background-media":"","overlay-type":"","overlay-color":"","overlay-opacity":"","overlay-gradient":""}},"ast-content-background-meta":{"desktop":{"background-color":"var(--ast-global-color-4)","background-image":"","background-repeat":"repeat","background-position":"center center","background-size":"auto","background-attachment":"scroll","background-type":"","background-media":"","overlay-type":"","overlay-color":"","overlay-opacity":"","overlay-gradient":""},"tablet":{"background-color":"var(--ast-global-color-4)","background-image":"","background-repeat":"repeat","background-position":"center center","background-size":"auto","background-attachment":"scroll","background-type":"","background-media":"","overlay-type":"","overlay-color":"","overlay-opacity":"","overlay-gradient":""},"mobile":{"background-color":"var(--ast-global-color-4)","background-image":"","background-repeat":"repeat","background-position":"center center","background-size":"auto","background-attachment":"scroll","background-type":"","background-media":"","overlay-type":"","overlay-color":"","overlay-opacity":"","overlay-gradient":""}},"footnotes":""},"class_list":["post-838","page","type-page","status-publish","hentry"],"aioseo_notices":[],"campaignId":"0","_links":{"self":[{"href":"https:\/\/www.fipnotredamedekibeho.org\/en_gb\/wp-json\/wp\/v2\/pages\/838","targetHints":{"allow":["GET"]}}],"collection":[{"href":"https:\/\/www.fipnotredamedekibeho.org\/en_gb\/wp-json\/wp\/v2\/pages"}],"about":[{"href":"https:\/\/www.fipnotredamedekibeho.org\/en_gb\/wp-json\/wp\/v2\/types\/page"}],"author":[{"embeddable":true,"href":"https:\/\/www.fipnotredamedekibeho.org\/en_gb\/wp-json\/wp\/v2\/users\/1"}],"replies":[{"embeddable":true,"href":"https:\/\/www.fipnotredamedekibeho.org\/en_gb\/wp-json\/wp\/v2\/comments?post=838"}],"version-history":[{"count":10,"href":"https:\/\/www.fipnotredamedekibeho.org\/en_gb\/wp-json\/wp\/v2\/pages\/838\/revisions"}],"predecessor-version":[{"id":1043,"href":"https:\/\/www.fipnotredamedekibeho.org\/en_gb\/wp-json\/wp\/v2\/pages\/838\/revisions\/1043"}],"wp:attachment":[{"href":"https:\/\/www.fipnotredamedekibeho.org\/en_gb\/wp-json\/wp\/v2\/media?parent=838"}],"curies":[{"name":"wp","href":"https:\/\/api.w.org\/{rel}","templated":true}]}}