{"id":832,"date":"2026-03-11T00:07:00","date_gmt":"2026-03-11T00:07:00","guid":{"rendered":"https:\/\/www.fipnotredamedekibeho.org\/?page_id=832"},"modified":"2026-03-21T19:03:08","modified_gmt":"2026-03-21T19:03:08","slug":"etre-partenaire","status":"publish","type":"page","link":"https:\/\/www.fipnotredamedekibeho.org\/en_gb\/etre-partenaire\/","title":{"rendered":"Etre partenaire"},"content":{"rendered":"<div data-elementor-type=\"wp-page\" data-elementor-id=\"832\" class=\"elementor elementor-832\">\n\t\t\t\t<div class=\"elementor-element elementor-element-3a11b7c e-flex e-con-boxed e-con e-parent\" data-id=\"3a11b7c\" data-element_type=\"container\" data-e-type=\"container\">\n\t\t\t\t\t<div class=\"e-con-inner\">\n\t\t\t\t\t<\/div>\n\t\t\t\t<\/div>\n\t\t<div class=\"elementor-element elementor-element-03f083e e-flex e-con-boxed e-con e-parent\" data-id=\"03f083e\" data-element_type=\"container\" data-e-type=\"container\">\n\t\t\t\t\t<div class=\"e-con-inner\">\n\t\t\t\t<div class=\"elementor-element elementor-element-e16d17d elementor-widget elementor-widget-html\" data-id=\"e16d17d\" data-element_type=\"widget\" data-e-type=\"widget\" data-widget_type=\"html.default\">\n\t\t\t\t\t<section class=\"faq-section\">\n  <div class=\"faq-container\">\n    <div class=\"faq-header\">\n      <p class=\"faq-eyebrow\" id=\"partner-title\">Comment devenir partenaire<\/p>\n      <p>\n        La Fondation Internationale des P\u00e8lerins de Notre-Dame de Kibeho\n        travaille en collaboration avec des personnes, des organisations,\n        des communaut\u00e9s et des institutions qui souhaitent soutenir et\n        promouvoir sa mission spirituelle.\n      <\/p>\n    <\/div>\n\n    <p>\n      Devenir partenaire signifie collaborer avec la Fondation Internationale\n      des P\u00e8lerins de Notre-Dame de Kibeho pour contribuer \u00e0 la diffusion\n      du message de conversion, de pri\u00e8re et de r\u00e9conciliation confi\u00e9 par\n      la Vierge Marie. Les partenaires participent, chacun selon ses moyens\n      et ses comp\u00e9tences, au soutien des activit\u00e9s spirituelles, pastorales\n      et missionnaires de la fondation.\n    <\/p>\n\n    <p><strong>Qui peut devenir partenaire :<\/strong><\/p>\n    <ul>\n      <li>Des paroisses, dioc\u00e8ses ou communaut\u00e9s religieuses.<\/li>\n      <li>Des organisations ou mouvements catholiques.<\/li>\n      <li>Des associations engag\u00e9es dans une mission spirituelle ou sociale.<\/li>\n      <li>Des personnes ou groupes souhaitant soutenir la mission de la fondation.<\/li>\n    <\/ul>\n\n    <p><strong>Formes de partenariat :<\/strong><\/p>\n    <ul>\n      <li>Soutien spirituel par la pri\u00e8re et la promotion du message de Kibeho.<\/li>\n      <li>Collaboration dans l\u2019organisation d\u2019\u00e9v\u00e9nements, retraites ou p\u00e8lerinages.<\/li>\n      <li>Partage de ressources, de formation ou d\u2019expertise pastorale.<\/li>\n      <li>Soutien mat\u00e9riel ou logistique pour les projets de la fondation.<\/li>\n    <\/ul>\n\n    <p><strong>Comment devenir partenaire :<\/strong><\/p>\n    <ol>\n      <li>Prendre contact avec l\u2019\u00e9quipe de coordination de la fondation \u00e0 travers le <a href=\"\/en_gb\/fipnotredamedekibeho.org\/contct-2\/\">formulaire<\/a> disponible sur ce site.<\/li>\n      <li>Pr\u00e9senter votre organisation, votre mission ou votre projet de collaboration.<\/li>\n      <li>\u00c9changer avec la fondation afin de d\u00e9finir les formes possibles de partenariat.<\/li>\n    <\/ol>\n\n    <p>\n      En devenant partenaire de la Fondation Internationale des P\u00e8lerins de\n      Notre-Dame de Kibeho, vous participez \u00e0 une mission spirituelle\n      internationale visant \u00e0 encourager la pri\u00e8re, la conversion des c\u0153urs\n      et la paix dans le monde.\n    <\/p>\n  <\/div>\n<\/section>\t\t\t\t<\/div>\n\t\t\t\t\t<\/div>\n\t\t\t\t<\/div>\n\t\t\t\t<\/div>","protected":false},"excerpt":{"rendered":"<p>Comment devenir partenaire La Fondation Internationale des P\u00e8lerins de Notre-Dame de Kibeho travaille en collaboration avec des personnes, des organisations, des communaut\u00e9s et des institutions qui souhaitent soutenir et promouvoir [&hellip;]<\/p>","protected":false},"author":1,"featured_media":0,"parent":0,"menu_order":0,"comment_status":"closed","ping_status":"closed","template":"","meta":{"give_campaign_id":0,"site-sidebar-layout":"no-sidebar","site-content-layout":"","ast-site-content-layout":"full-width-container","site-content-style":"default","site-sidebar-style":"default","ast-global-header-display":"","ast-banner-title-visibility":"","ast-main-header-display":"","ast-hfb-above-header-display":"","ast-hfb-below-header-display":"","ast-hfb-mobile-header-display":"","site-post-title":"disabled","ast-breadcrumbs-content":"","ast-featured-img":"disabled","footer-sml-layout":"","ast-disable-related-posts":"","theme-transparent-header-meta":"","adv-header-id-meta":"","stick-header-meta":"","header-above-stick-meta":"","header-main-stick-meta":"","header-below-stick-meta":"","astra-migrate-meta-layouts":"default","ast-page-background-enabled":"default","ast-page-background-meta":{"desktop":{"background-color":"var(--ast-global-color-5)","background-image":"","background-repeat":"repeat","background-position":"center center","background-size":"auto","background-attachment":"scroll","background-type":"","background-media":"","overlay-type":"","overlay-color":"","overlay-opacity":"","overlay-gradient":""},"tablet":{"background-color":"","background-image":"","background-repeat":"repeat","background-position":"center center","background-size":"auto","background-attachment":"scroll","background-type":"","background-media":"","overlay-type":"","overlay-color":"","overlay-opacity":"","overlay-gradient":""},"mobile":{"background-color":"","background-image":"","background-repeat":"repeat","background-position":"center center","background-size":"auto","background-attachment":"scroll","background-type":"","background-media":"","overlay-type":"","overlay-color":"","overlay-opacity":"","overlay-gradient":""}},"ast-content-background-meta":{"desktop":{"background-color":"var(--ast-global-color-4)","background-image":"","background-repeat":"repeat","background-position":"center center","background-size":"auto","background-attachment":"scroll","background-type":"","background-media":"","overlay-type":"","overlay-color":"","overlay-opacity":"","overlay-gradient":""},"tablet":{"background-color":"var(--ast-global-color-4)","background-image":"","background-repeat":"repeat","background-position":"center center","background-size":"auto","background-attachment":"scroll","background-type":"","background-media":"","overlay-type":"","overlay-color":"","overlay-opacity":"","overlay-gradient":""},"mobile":{"background-color":"var(--ast-global-color-4)","background-image":"","background-repeat":"repeat","background-position":"center center","background-size":"auto","background-attachment":"scroll","background-type":"","background-media":"","overlay-type":"","overlay-color":"","overlay-opacity":"","overlay-gradient":""}},"footnotes":""},"class_list":["post-832","page","type-page","status-publish","hentry"],"aioseo_notices":[],"campaignId":"0","_links":{"self":[{"href":"https:\/\/www.fipnotredamedekibeho.org\/en_gb\/wp-json\/wp\/v2\/pages\/832","targetHints":{"allow":["GET"]}}],"collection":[{"href":"https:\/\/www.fipnotredamedekibeho.org\/en_gb\/wp-json\/wp\/v2\/pages"}],"about":[{"href":"https:\/\/www.fipnotredamedekibeho.org\/en_gb\/wp-json\/wp\/v2\/types\/page"}],"author":[{"embeddable":true,"href":"https:\/\/www.fipnotredamedekibeho.org\/en_gb\/wp-json\/wp\/v2\/users\/1"}],"replies":[{"embeddable":true,"href":"https:\/\/www.fipnotredamedekibeho.org\/en_gb\/wp-json\/wp\/v2\/comments?post=832"}],"version-history":[{"count":10,"href":"https:\/\/www.fipnotredamedekibeho.org\/en_gb\/wp-json\/wp\/v2\/pages\/832\/revisions"}],"predecessor-version":[{"id":1049,"href":"https:\/\/www.fipnotredamedekibeho.org\/en_gb\/wp-json\/wp\/v2\/pages\/832\/revisions\/1049"}],"wp:attachment":[{"href":"https:\/\/www.fipnotredamedekibeho.org\/en_gb\/wp-json\/wp\/v2\/media?parent=832"}],"curies":[{"name":"wp","href":"https:\/\/api.w.org\/{rel}","templated":true}]}}