{"id":813,"date":"2026-03-10T23:43:01","date_gmt":"2026-03-10T23:43:01","guid":{"rendered":"https:\/\/www.fipnotredamedekibeho.org\/?page_id=813"},"modified":"2026-03-21T18:24:29","modified_gmt":"2026-03-21T18:24:29","slug":"etre-membre","status":"publish","type":"page","link":"https:\/\/www.fipnotredamedekibeho.org\/en_gb\/etre-membre\/","title":{"rendered":"Etre membre"},"content":{"rendered":"<div data-elementor-type=\"wp-page\" data-elementor-id=\"813\" class=\"elementor elementor-813\">\n\t\t\t\t<div class=\"elementor-element elementor-element-5dc8b26 e-flex e-con-boxed e-con e-parent\" data-id=\"5dc8b26\" data-element_type=\"container\" data-e-type=\"container\">\n\t\t\t\t\t<div class=\"e-con-inner\">\n\t\t\t\t\t<\/div>\n\t\t\t\t<\/div>\n\t\t<div class=\"elementor-element elementor-element-5ef7d4b e-flex e-con-boxed e-con e-parent\" data-id=\"5ef7d4b\" data-element_type=\"container\" data-e-type=\"container\">\n\t\t\t\t\t<div class=\"e-con-inner\">\n\t\t\t\t<div class=\"elementor-element elementor-element-2161f7c elementor-widget elementor-widget-html\" data-id=\"2161f7c\" data-element_type=\"widget\" data-e-type=\"widget\" data-widget_type=\"html.default\">\n\t\t\t\t\t<section class=\"faq-section\">\n    <div class=\"faq-container\">\n      <div class=\"faq-header\">\n      <p class=\"faq-eyebrow\" id=\"membership-title\">Comment devenir membre<\/p>\n      <p>\n        La Fondation Internationale des P\u00e8lerins de Notre-Dame de Kibeho accueille\n        toutes les personnes qui d\u00e9sirent approfondir leur foi, vivre la pri\u00e8re\n        et faire conna\u00eetre le message de conversion, de paix et d\u2019esp\u00e9rance\n        confi\u00e9 par la Vierge Marie.\n      <\/p>\n      <\/div>\n      <p>\n        Devenir membre, c\u2019est rejoindre une communaut\u00e9 de pri\u00e8re unie autour de\n        Notre-Dame de Kibeho pour grandir dans la foi chr\u00e9tienne, vivre une\n        spiritualit\u00e9 mariale authentique et contribuer \u00e0 la mission de la\n        fraternit\u00e9.\n      <\/p>\n\n      <p><strong>Conditions pour devenir membre :<\/strong><\/p>\n      <ul>\n        <li>Avoir le d\u00e9sir de grandir dans la foi chr\u00e9tienne.<\/li>\n        <li>\u00catre attach\u00e9 \u00e0 la pri\u00e8re et au message spirituel de Kibeho.<\/li>\n        <li>Vouloir vivre les valeurs de conversion, de charit\u00e9 et de r\u00e9conciliation.<\/li>\n        <li>Participer, dans la mesure du possible, aux activit\u00e9s de la fondation.<\/li>\n      <\/ul>\n\n      <p><strong>Engagements du membre :<\/strong><\/p>\n      <ul>\n        <li>Prier r\u00e9guli\u00e8rement, en particulier le Rosaire.<\/li>\n        <li>Promouvoir le message de Notre-Dame de Kibeho.<\/li>\n        <li>Participer aux rencontres, p\u00e8lerinages et temps spirituels organis\u00e9s.<\/li>\n        <li>T\u00e9moigner de l\u2019\u00c9vangile dans la vie quotidienne.<\/li>\n      <\/ul>\n\n      <p><strong>Comment s\u2019inscrire :<\/strong><\/p>\n      <ol>\n        <li>Nous contacter \u00e0 travers le <a href=\"https:\/\/www.fipnotredamedekibeho.org\/en_gb\/contact-2\/\">formulaire<\/a> disponible sur notre site.<\/li>\n        <li>Votre demande sera envoy\u00e9 au secr\u00e9tariat de la fondation.<\/li>\n        <li>Vous recevrez une confirmation de votre inscription par l\u2019\u00e9quipe de coordination.<\/li>\n      <\/ol>\n\n      <p>\n        En devenant membre de la Fondation International des P\u00e8lerins de Notre-Dame de Kibeho, vous rejoignez une\n        fraternit\u00e9 internationale de pri\u00e8re engag\u00e9e au service de la foi, de la\n        conversion des c\u0153urs et de la paix.\n      <\/p>\n      <\/div>\n<\/section>\t\t\t\t<\/div>\n\t\t\t\t\t<\/div>\n\t\t\t\t<\/div>\n\t\t\t\t<\/div>","protected":false},"excerpt":{"rendered":"<p>Comment devenir membre La Fondation Internationale des P\u00e8lerins de Notre-Dame de Kibeho accueille toutes les personnes qui d\u00e9sirent approfondir leur foi, vivre la pri\u00e8re et faire conna\u00eetre le message de [&hellip;]<\/p>","protected":false},"author":1,"featured_media":0,"parent":0,"menu_order":0,"comment_status":"closed","ping_status":"closed","template":"","meta":{"give_campaign_id":0,"site-sidebar-layout":"no-sidebar","site-content-layout":"","ast-site-content-layout":"full-width-container","site-content-style":"default","site-sidebar-style":"default","ast-global-header-display":"","ast-banner-title-visibility":"","ast-main-header-display":"","ast-hfb-above-header-display":"","ast-hfb-below-header-display":"","ast-hfb-mobile-header-display":"","site-post-title":"disabled","ast-breadcrumbs-content":"","ast-featured-img":"disabled","footer-sml-layout":"","ast-disable-related-posts":"","theme-transparent-header-meta":"","adv-header-id-meta":"","stick-header-meta":"","header-above-stick-meta":"","header-main-stick-meta":"","header-below-stick-meta":"","astra-migrate-meta-layouts":"default","ast-page-background-enabled":"default","ast-page-background-meta":{"desktop":{"background-color":"var(--ast-global-color-5)","background-image":"","background-repeat":"repeat","background-position":"center center","background-size":"auto","background-attachment":"scroll","background-type":"","background-media":"","overlay-type":"","overlay-color":"","overlay-opacity":"","overlay-gradient":""},"tablet":{"background-color":"","background-image":"","background-repeat":"repeat","background-position":"center center","background-size":"auto","background-attachment":"scroll","background-type":"","background-media":"","overlay-type":"","overlay-color":"","overlay-opacity":"","overlay-gradient":""},"mobile":{"background-color":"","background-image":"","background-repeat":"repeat","background-position":"center center","background-size":"auto","background-attachment":"scroll","background-type":"","background-media":"","overlay-type":"","overlay-color":"","overlay-opacity":"","overlay-gradient":""}},"ast-content-background-meta":{"desktop":{"background-color":"var(--ast-global-color-4)","background-image":"","background-repeat":"repeat","background-position":"center center","background-size":"auto","background-attachment":"scroll","background-type":"","background-media":"","overlay-type":"","overlay-color":"","overlay-opacity":"","overlay-gradient":""},"tablet":{"background-color":"var(--ast-global-color-4)","background-image":"","background-repeat":"repeat","background-position":"center center","background-size":"auto","background-attachment":"scroll","background-type":"","background-media":"","overlay-type":"","overlay-color":"","overlay-opacity":"","overlay-gradient":""},"mobile":{"background-color":"var(--ast-global-color-4)","background-image":"","background-repeat":"repeat","background-position":"center center","background-size":"auto","background-attachment":"scroll","background-type":"","background-media":"","overlay-type":"","overlay-color":"","overlay-opacity":"","overlay-gradient":""}},"footnotes":""},"class_list":["post-813","page","type-page","status-publish","hentry"],"aioseo_notices":[],"campaignId":"0","_links":{"self":[{"href":"https:\/\/www.fipnotredamedekibeho.org\/en_gb\/wp-json\/wp\/v2\/pages\/813","targetHints":{"allow":["GET"]}}],"collection":[{"href":"https:\/\/www.fipnotredamedekibeho.org\/en_gb\/wp-json\/wp\/v2\/pages"}],"about":[{"href":"https:\/\/www.fipnotredamedekibeho.org\/en_gb\/wp-json\/wp\/v2\/types\/page"}],"author":[{"embeddable":true,"href":"https:\/\/www.fipnotredamedekibeho.org\/en_gb\/wp-json\/wp\/v2\/users\/1"}],"replies":[{"embeddable":true,"href":"https:\/\/www.fipnotredamedekibeho.org\/en_gb\/wp-json\/wp\/v2\/comments?post=813"}],"version-history":[{"count":10,"href":"https:\/\/www.fipnotredamedekibeho.org\/en_gb\/wp-json\/wp\/v2\/pages\/813\/revisions"}],"predecessor-version":[{"id":1039,"href":"https:\/\/www.fipnotredamedekibeho.org\/en_gb\/wp-json\/wp\/v2\/pages\/813\/revisions\/1039"}],"wp:attachment":[{"href":"https:\/\/www.fipnotredamedekibeho.org\/en_gb\/wp-json\/wp\/v2\/media?parent=813"}],"curies":[{"name":"wp","href":"https:\/\/api.w.org\/{rel}","templated":true}]}}