{"id":565,"date":"2026-03-08T23:16:19","date_gmt":"2026-03-08T23:16:19","guid":{"rendered":"https:\/\/www.fipnotredamedekibeho.org\/?page_id=565"},"modified":"2026-03-13T12:41:18","modified_gmt":"2026-03-13T12:41:18","slug":"les-apparitions-mariales-privees-reconnues-par-leglise-catholique","status":"publish","type":"page","link":"https:\/\/www.fipnotredamedekibeho.org\/en_gb\/les-apparitions-mariales-privees-reconnues-par-leglise-catholique\/","title":{"rendered":"Les Apparitions Mariales Priv\u00e9es Reconnues par l\u2019\u00c9glise Catholique"},"content":{"rendered":"<div data-elementor-type=\"wp-page\" data-elementor-id=\"565\" class=\"elementor elementor-565\">\n\t\t\t\t<div class=\"elementor-element elementor-element-116a00a e-flex e-con-boxed e-con e-parent\" data-id=\"116a00a\" data-element_type=\"container\" data-e-type=\"container\">\n\t\t\t\t\t<div class=\"e-con-inner\">\n\t\t\t\t\t<\/div>\n\t\t\t\t<\/div>\n\t\t<div class=\"elementor-element elementor-element-c50773d e-flex e-con-boxed e-con e-parent\" data-id=\"c50773d\" data-element_type=\"container\" data-e-type=\"container\">\n\t\t\t\t\t<div class=\"e-con-inner\">\n\t\t\t\t<div class=\"elementor-element elementor-element-f6085b7 elementor-widget elementor-widget-heading\" data-id=\"f6085b7\" data-element_type=\"widget\" data-e-type=\"widget\" data-widget_type=\"heading.default\">\n\t\t\t\t\t<h2 class=\"elementor-heading-title elementor-size-default\">Les Apparitions Mariales Priv\u00e9es Reconnues par l\u2019\u00c9glise Catholique<\/h2>\t\t\t\t<\/div>\n\t\t\t\t\t<\/div>\n\t\t\t\t<\/div>\n\t\t<div class=\"elementor-element elementor-element-0d38920 e-flex e-con-boxed e-con e-parent\" data-id=\"0d38920\" data-element_type=\"container\" data-e-type=\"container\">\n\t\t\t\t\t<div class=\"e-con-inner\">\n\t\t\t\t<div class=\"elementor-element elementor-element-b5cf212 elementor-widget elementor-widget-text-editor\" data-id=\"b5cf212\" data-element_type=\"widget\" data-e-type=\"widget\" data-widget_type=\"text-editor.default\">\n\t\t\t\t\t\t\t\t\t<p>Dans l\u2019histoire de l\u2019\u00c9glise catholique, certaines personnes ont re\u00e7u des <strong data-start=\"197\" data-end=\"260\">visions ou messages priv\u00e9s de J\u00e9sus, de Marie ou des saints<\/strong>, appel\u00e9s <strong data-start=\"270\" data-end=\"293\">apparitions priv\u00e9es<\/strong>. Ces r\u00e9v\u00e9lations ne font pas partie de la foi obligatoire, mais certaines ont \u00e9t\u00e9 reconnues <strong data-start=\"386\" data-end=\"403\">dignes de foi<\/strong> par l\u2019\u00c9glise apr\u00e8s examen attentif, car elles apportent encouragement \u00e0 la pri\u00e8re, \u00e0 la conversion et \u00e0 la vie spirituelle. Les r\u00e9cits qui suivent pr\u00e9sentent quelques-unes des apparitions priv\u00e9es les plus c\u00e9l\u00e8bres et inspirantes, en indiquant les voyants, les lieux, les dates et les messages principaux qui ont marqu\u00e9 ces exp\u00e9riences mystiques.<\/p>\t\t\t\t\t\t\t\t<\/div>\n\t\t\t\t\t<\/div>\n\t\t\t\t<\/div>\n\t\t<div class=\"elementor-element elementor-element-bc7b0a2 e-flex e-con-boxed e-con e-parent\" data-id=\"bc7b0a2\" data-element_type=\"container\" data-e-type=\"container\">\n\t\t\t\t\t<div class=\"e-con-inner\">\n\t\t\t\t<div class=\"elementor-element elementor-element-72566df elementor-widget elementor-widget-html\" data-id=\"72566df\" data-element_type=\"widget\" data-e-type=\"widget\" data-widget_type=\"html.default\">\n\t\t\t\t\t<div id=\"anna-katharina-emmerick\" class=\"card\">\n  <div class=\"card-image\">\n    <img decoding=\"async\" src=\"\/wp-content\/uploads\/2026\/03\/anne.jpg\">\n  <\/div>\n\n  <div class=\"card-text\">\n    <h2 class=\"card-title\">Bienheureuse Anna Katharina Emmerick (D\u00fclmen, Allemagne, 1774\u20131824)<\/h2>\n  Religieuse Augustinienne mystique\n    <ul class=\"card-list\">\n    \n\n      <li><strong>Faits spirituels :<\/strong>\n        <ul>\n          <li>Tout au long de sa vie, elle re\u00e7ut de nombreuses visions mystiques centr\u00e9es sur Marie, M\u00e8re de J\u00e9sus, et sur sa vie.<\/li>\n          <li>Elle contemplait les moments importants de la vie de la Vierge Marie ainsi que son r\u00f4le dans l\u2019histoire du salut aux c\u00f4t\u00e9s de J\u00e9sus-Christ.<\/li>\n          <li>Ses visions offrent une m\u00e9ditation profonde sur la Passion du Christ et sur la place de Marie dans l\u2019\u0153uvre de la r\u00e9demption.<\/li>\n        <\/ul>\n      <\/li>\n\n      <li><strong>Apr\u00e8s sa mort :<\/strong> Ses visions furent publi\u00e9es et consid\u00e9r\u00e9es comme dignes d\u2019int\u00e9r\u00eat spirituel par l\u2019\u00c9glise.<\/li>\n\n      <li>\n        <strong>Aujourd\u2019hui :<\/strong> Ses \u00e9crits et visions inspirent les fid\u00e8les \u00e0 se rapprocher de la Vierge Marie, \u00e0 prier avec ferveur, \u00e0 m\u00e9diter la Passion du Christ et \u00e0 vivre un engagement spirituel plus profond.\n      <\/li>\n    <\/ul>\n  <\/div>\n<\/div>\t\t\t\t<\/div>\n\t\t\t\t\t<\/div>\n\t\t\t\t<\/div>\n\t\t<div class=\"elementor-element elementor-element-b48a98b e-flex e-con-boxed e-con e-parent\" data-id=\"b48a98b\" data-element_type=\"container\" data-e-type=\"container\">\n\t\t\t\t\t<div class=\"e-con-inner\">\n\t\t\t\t<div class=\"elementor-element elementor-element-17bb339 elementor-widget elementor-widget-html\" data-id=\"17bb339\" data-element_type=\"widget\" data-e-type=\"widget\" data-widget_type=\"html.default\">\n\t\t\t\t\t<div id=\"marie-julie-jahenny\" class=\"card\">\n  <div class=\"card-image\">\n    <img decoding=\"async\" src=\"https:\/\/www.fipnotredamedekibeho.org\/wp-content\/uploads\/2026\/03\/images-1.jpg\">\n  <\/div>\n\n  <div class=\"card-text\">\n    <h2 class=\"card-title\">Marie-Julie Jahenny (Blain, France, 1850\u20131941)<\/h2>\n  Voyante bretonne\n    <ul class=\"card-list\">\n    \n\n      <li><strong>Faits spirituels :<\/strong>\n        <ul>\n          <li>Elle affirma avoir re\u00e7u de nombreuses visions spirituelles marqu\u00e9es par une grande d\u00e9votion envers Marie, M\u00e8re de Dieu.<\/li>\n          <li>Entre 1850 et 1941, elle \u00e9voqua des r\u00e9v\u00e9lations concernant les \u00e9preuves futures du monde et de l\u2019\u00c9glise.<\/li>\n          <li>Ces visions insistent sur le r\u00f4le maternel et protecteur de la Vierge Marie aupr\u00e8s des fid\u00e8les et sur l\u2019appel \u00e0 rester unis \u00e0 J\u00e9sus-Christ.<\/li>\n        <\/ul>\n      <\/li>\n\n      <li><strong>Discernement :<\/strong> Certaines r\u00e9v\u00e9lations ont \u00e9t\u00e9 consid\u00e9r\u00e9es comme dignes d\u2019attention par des autorit\u00e9s eccl\u00e9siastiques locales.<\/li>\n\n      <li>\n        <strong>Messages principaux :<\/strong> Conversion, p\u00e9nitence, pri\u00e8re et confiance dans l\u2019intercession de la Vierge Marie.\n      <\/li>\n    <\/ul>\n  <\/div>\n<\/div>\t\t\t\t<\/div>\n\t\t\t\t\t<\/div>\n\t\t\t\t<\/div>\n\t\t<div class=\"elementor-element elementor-element-52bbe51 e-flex e-con-boxed e-con e-parent\" data-id=\"52bbe51\" data-element_type=\"container\" data-e-type=\"container\">\n\t\t\t\t\t<div class=\"e-con-inner\">\n\t\t\t\t<div class=\"elementor-element elementor-element-3f10f5b elementor-widget elementor-widget-html\" data-id=\"3f10f5b\" data-element_type=\"widget\" data-e-type=\"widget\" data-widget_type=\"html.default\">\n\t\t\t\t\t<div id=\"soeur-consolata-betrone\" class=\"card\">\n  <div class=\"card-image\">\n    <img decoding=\"async\" src=\"\/wp-content\/uploads\/2026\/03\/consolata.jpg\">\n  <\/div>\n\n  <div class=\"card-text\">\n    <h2 class=\"card-title\">S\u0153ur Consolata Betrone (Saluzzo, Italie, 1903\u20131946)<\/h2>\n    Religieuse italienne\n\n    <ul class=\"card-list\">\n\n      <li><strong>Faits spirituels :<\/strong>\n        <ul>\n          <li> Elle a re\u00e7u des visions priv\u00e9es au cours de sa vie.<\/li>\n          <li>Ses exp\u00e9riences mystiques mettent l\u2019accent sur la d\u00e9votion : \u00ab Tout pour J\u00e9sus par Marie \u00bb.<\/li>\n          <li>Ses messages encouragent une confiance totale en J\u00e9sus et une vie spirituelle profonde inspir\u00e9e par l\u2019exemple de la Vierge Marie.<\/li>\n        <\/ul>\n      <\/li>\n\n      <li><strong>Discernement :<\/strong> Messages reconnus localement comme dignes de foi.<\/li>\n\n      <li>\n        <strong>Aujourd\u2019hui :<\/strong> Ses \u00e9crits spirituels inspirent les fid\u00e8les \u00e0 se consacrer pleinement \u00e0 J\u00e9sus par l\u2019intercession de Marie.\n      <\/li>\n    <\/ul>\n  <\/div>\t\t\t\t<\/div>\n\t\t\t\t\t<\/div>\n\t\t\t\t<\/div>\n\t\t<div class=\"elementor-element elementor-element-409a8f7 e-flex e-con-boxed e-con e-parent\" data-id=\"409a8f7\" data-element_type=\"container\" data-e-type=\"container\">\n\t\t\t\t\t<div class=\"e-con-inner\">\n\t\t\t\t<div class=\"elementor-element elementor-element-2befd16 elementor-widget elementor-widget-html\" data-id=\"2befd16\" data-element_type=\"widget\" data-e-type=\"widget\" data-widget_type=\"html.default\">\n\t\t\t\t\t<div id=\"vassula-ryden\" class=\"card\">\n  <div class=\"card-image\">\n    <img decoding=\"async\" src=\"\/wp-content\/uploads\/2026\/03\/VassulaRyden.jpg\">\n  <\/div>\n\n  <div class=\"card-text\">\n    <h2 class=\"card-title\">Vassula Ryd\u00e9n (Gr\u00e8ce, 1985\u2013pr\u00e9sent)<\/h2>\n      Voyante chr\u00e9tienne d\u2019origine grecque\n    <ul class=\"card-list\">\n\n\n      <li><strong>Faits spirituels :<\/strong>\n        <ul>\n          <li>Depuis 1985, elle affirme recevoir des messages spirituels mettant en lumi\u00e8re la place maternelle de Marie dans la vie des croyants.<\/li>\n          <li>Ses messages invitent les fid\u00e8les \u00e0 la pri\u00e8re, \u00e0 la conversion et \u00e0 la r\u00e9conciliation avec Dieu, en demeurant proches de J\u00e9sus Christ.<\/li>\n          <li>Ses \u00e9crits encouragent la paix int\u00e9rieure, l\u2019unit\u00e9 spirituelle entre les chr\u00e9tiens et la confiance dans l\u2019intercession de la Vierge Marie.<\/li>\n        <\/ul>\n      <\/li>\n\n      <li><strong>Discernement :<\/strong> Ses r\u00e9v\u00e9lations priv\u00e9es ont suscit\u00e9 l\u2019int\u00e9r\u00eat de certaines autorit\u00e9s eccl\u00e9siastiques mais restent discut\u00e9es et ne sont pas obligatoires pour les fid\u00e8les.<\/li>\n\n      <li>\n        <strong>Aujourd\u2019hui :<\/strong> Ses \u00e9crits continuent d\u2019inspirer des groupes de pri\u00e8re et de r\u00e9flexion spirituelle dans plusieurs pays.\n      <\/li>\n    <\/ul>\n  <\/div>\n<\/div>\t\t\t\t<\/div>\n\t\t\t\t\t<\/div>\n\t\t\t\t<\/div>\n\t\t<div class=\"elementor-element elementor-element-1f8315e e-flex e-con-boxed e-con e-parent\" data-id=\"1f8315e\" data-element_type=\"container\" data-e-type=\"container\">\n\t\t\t\t\t<div class=\"e-con-inner\">\n\t\t\t\t<div class=\"elementor-element elementor-element-311be97 elementor-widget elementor-widget-html\" data-id=\"311be97\" data-element_type=\"widget\" data-e-type=\"widget\" data-widget_type=\"html.default\">\n\t\t\t\t\t<div id=\"marie-de-jesus-crucifie\" class=\"card\">\n  <div class=\"card-image\">\n    <img decoding=\"async\" src=\"\/wp-content\/uploads\/2026\/03\/maryofjesuscrucified_350.jpg\">\n  <\/div>\n\n  <div class=\"card-text\">\n    <h2 class=\"card-title\">S\u0153ur Marie de J\u00e9sus Crucifi\u00e9 (Galil\u00e9e, XIXe si\u00e8cle)<\/h2>\nReligieuse S\u0153ur Marie de J\u00e9sus Crucifi\u00e9 (Mariam Baouardy) n\u00e9e en 1846 en Galil\u00e9e (aujourd\u2019hui Isra\u00ebl\/Palestine) et morte en 1878.\n    <ul class=\"card-list\">\n     \n\n      <li><strong>Faits spirituels :<\/strong>\n        <ul>\n         \n          <li>Carm\u00e9lite mystique dont la vie fut profond\u00e9ment marqu\u00e9e par sa relation spirituelle avec la Vierge Marie.<\/li>\n          <li>Elle affirma recevoir des visions et des consolations spirituelles o\u00f9 Marie la guidait vers la pri\u00e8re, l\u2019humilit\u00e9 et l\u2019abandon total \u00e0 Dieu.<\/li>\n        <\/ul>\n      <\/li>\n\n      <li><strong>Canonisation :<\/strong> 2015 par le Pape Fran\u00e7ois<\/li>\n\n      <li>\n        <strong>Message spirituel :<\/strong> Encouragement \u00e0 une profonde d\u00e9votion envers la M\u00e8re de Dieu, \u00e0 la pri\u00e8re pour les \u00e2mes et \u00e0 la confiance dans l\u2019intercession maternelle de la Reine du Ciel, toujours orient\u00e9e vers J\u00e9sus-Christ.\n      <\/li>\n\n      <li>\n        <strong>Aujourd\u2019hui :<\/strong> Ses t\u00e9moignages spirituels continuent d\u2019inspirer de nombreux fid\u00e8les et nourrissent la vie contemplative dans l\u2019\u00c9glise.\n      <\/li>\n    <\/ul>\n  <\/div>\n<\/div>\t\t\t\t<\/div>\n\t\t\t\t\t<\/div>\n\t\t\t\t<\/div>\n\t\t<div class=\"elementor-element elementor-element-168c179 e-flex e-con-boxed e-con e-parent\" data-id=\"168c179\" data-element_type=\"container\" data-e-type=\"container\">\n\t\t\t\t\t<div class=\"e-con-inner\">\n\t\t\t\t<div class=\"elementor-element elementor-element-53a3e41 elementor-widget elementor-widget-html\" data-id=\"53a3e41\" data-element_type=\"widget\" data-e-type=\"widget\" data-widget_type=\"html.default\">\n\t\t\t\t\t<div id=\"blandine-merten\" class=\"card\">\n  <div class=\"card-image\">\n    <img decoding=\"async\" src=\"\/wp-content\/uploads\/2026\/03\/Blandine_Merten.jpg\">\n  <\/div>\n\n  <div class=\"card-text\">\n    <h2 class=\"card-title\">Blandine Merten (Allemagne, XIX\u1d49\u2013XX\u1d49 si\u00e8cle)<\/h2>\nReligieuse allemande\n    <ul class=\"card-list\">\n\n\n      <li><strong>Faits spirituels :<\/strong>\n        <ul>\n          <li>Entre 1900 et 1918, elle affirma avoir re\u00e7u des visions spirituelles o\u00f9 la Vierge Marie occupait une place centrale.<\/li>\n          <li>\u00c0 travers ces exp\u00e9riences mystiques, elle fut appel\u00e9e \u00e0 la pri\u00e8re, \u00e0 la p\u00e9nitence et au soutien spirituel de l\u2019\u00c9glise.<\/li>\n          <li>Sa vie spirituelle s\u2019inspire profond\u00e9ment de l\u2019exemple maternel et protecteur de Marie, toujours orient\u00e9e vers J\u00e9sus-Christ.<\/li>\n        <\/ul>\n      <\/li>\n\n      <li><strong>Discernement :<\/strong> Ses exp\u00e9riences mystiques ont \u00e9t\u00e9 consid\u00e9r\u00e9es localement comme dignes d\u2019attention spirituelle.<\/li>\n\n      <li>\n        <strong>Aujourd\u2019hui :<\/strong> Son t\u00e9moignage inspire les fid\u00e8les \u00e0 une vie de pri\u00e8re, de fid\u00e9lit\u00e9 \u00e0 l\u2019\u00c9glise et de confiance dans l\u2019intercession de la Vierge Marie.\n      <\/li>\n    <\/ul>\n  <\/div>\n<\/div>\t\t\t\t<\/div>\n\t\t\t\t\t<\/div>\n\t\t\t\t<\/div>\n\t\t\t\t<\/div>","protected":false},"excerpt":{"rendered":"<p>Les Apparitions Mariales Priv\u00e9es Reconnues par l\u2019\u00c9glise Catholique Dans l\u2019histoire de l\u2019\u00c9glise catholique, certaines personnes ont re\u00e7u des visions ou messages priv\u00e9s de J\u00e9sus, de Marie ou des saints, appel\u00e9s [&hellip;]<\/p>","protected":false},"author":1,"featured_media":0,"parent":0,"menu_order":0,"comment_status":"closed","ping_status":"closed","template":"","meta":{"give_campaign_id":0,"site-sidebar-layout":"no-sidebar","site-content-layout":"","ast-site-content-layout":"full-width-container","site-content-style":"default","site-sidebar-style":"default","ast-global-header-display":"","ast-banner-title-visibility":"","ast-main-header-display":"","ast-hfb-above-header-display":"","ast-hfb-below-header-display":"","ast-hfb-mobile-header-display":"","site-post-title":"disabled","ast-breadcrumbs-content":"","ast-featured-img":"disabled","footer-sml-layout":"","ast-disable-related-posts":"","theme-transparent-header-meta":"","adv-header-id-meta":"","stick-header-meta":"","header-above-stick-meta":"","header-main-stick-meta":"","header-below-stick-meta":"","astra-migrate-meta-layouts":"default","ast-page-background-enabled":"default","ast-page-background-meta":{"desktop":{"background-color":"var(--ast-global-color-5)","background-image":"","background-repeat":"repeat","background-position":"center center","background-size":"auto","background-attachment":"scroll","background-type":"","background-media":"","overlay-type":"","overlay-color":"","overlay-opacity":"","overlay-gradient":""},"tablet":{"background-color":"","background-image":"","background-repeat":"repeat","background-position":"center center","background-size":"auto","background-attachment":"scroll","background-type":"","background-media":"","overlay-type":"","overlay-color":"","overlay-opacity":"","overlay-gradient":""},"mobile":{"background-color":"","background-image":"","background-repeat":"repeat","background-position":"center center","background-size":"auto","background-attachment":"scroll","background-type":"","background-media":"","overlay-type":"","overlay-color":"","overlay-opacity":"","overlay-gradient":""}},"ast-content-background-meta":{"desktop":{"background-color":"var(--ast-global-color-4)","background-image":"","background-repeat":"repeat","background-position":"center center","background-size":"auto","background-attachment":"scroll","background-type":"","background-media":"","overlay-type":"","overlay-color":"","overlay-opacity":"","overlay-gradient":""},"tablet":{"background-color":"var(--ast-global-color-4)","background-image":"","background-repeat":"repeat","background-position":"center center","background-size":"auto","background-attachment":"scroll","background-type":"","background-media":"","overlay-type":"","overlay-color":"","overlay-opacity":"","overlay-gradient":""},"mobile":{"background-color":"var(--ast-global-color-4)","background-image":"","background-repeat":"repeat","background-position":"center center","background-size":"auto","background-attachment":"scroll","background-type":"","background-media":"","overlay-type":"","overlay-color":"","overlay-opacity":"","overlay-gradient":""}},"footnotes":""},"class_list":["post-565","page","type-page","status-publish","hentry"],"aioseo_notices":[],"campaignId":"0","_links":{"self":[{"href":"https:\/\/www.fipnotredamedekibeho.org\/en_gb\/wp-json\/wp\/v2\/pages\/565","targetHints":{"allow":["GET"]}}],"collection":[{"href":"https:\/\/www.fipnotredamedekibeho.org\/en_gb\/wp-json\/wp\/v2\/pages"}],"about":[{"href":"https:\/\/www.fipnotredamedekibeho.org\/en_gb\/wp-json\/wp\/v2\/types\/page"}],"author":[{"embeddable":true,"href":"https:\/\/www.fipnotredamedekibeho.org\/en_gb\/wp-json\/wp\/v2\/users\/1"}],"replies":[{"embeddable":true,"href":"https:\/\/www.fipnotredamedekibeho.org\/en_gb\/wp-json\/wp\/v2\/comments?post=565"}],"version-history":[{"count":10,"href":"https:\/\/www.fipnotredamedekibeho.org\/en_gb\/wp-json\/wp\/v2\/pages\/565\/revisions"}],"predecessor-version":[{"id":887,"href":"https:\/\/www.fipnotredamedekibeho.org\/en_gb\/wp-json\/wp\/v2\/pages\/565\/revisions\/887"}],"wp:attachment":[{"href":"https:\/\/www.fipnotredamedekibeho.org\/en_gb\/wp-json\/wp\/v2\/media?parent=565"}],"curies":[{"name":"wp","href":"https:\/\/api.w.org\/{rel}","templated":true}]}}