{"id":328,"date":"2026-03-02T22:47:46","date_gmt":"2026-03-02T22:47:46","guid":{"rendered":"https:\/\/www.fipnotredamedekibeho.org\/?page_id=328"},"modified":"2026-03-08T18:52:50","modified_gmt":"2026-03-08T18:52:50","slug":"elementor-328","status":"publish","type":"page","link":"https:\/\/www.fipnotredamedekibeho.org\/en_gb\/elementor-328\/","title":{"rendered":""},"content":{"rendered":"<div data-elementor-type=\"wp-page\" data-elementor-id=\"328\" class=\"elementor elementor-328\">\n\t\t\t\t<div class=\"elementor-element elementor-element-5341902 e-con-full e-flex e-con e-parent\" data-id=\"5341902\" data-element_type=\"container\" data-e-type=\"container\">\n\t\t\t\t<div class=\"elementor-element elementor-element-226ef96 elementor-widget elementor-widget-text-editor\" data-id=\"226ef96\" data-element_type=\"widget\" data-e-type=\"widget\" data-widget_type=\"text-editor.default\">\n\t\t\t\t\t\t\t\t\t<h2 data-start=\"0\" data-end=\"18\">Nos Activit\u00e9s<\/h2><p data-start=\"20\" data-end=\"411\">Au c\u0153ur de notre mission se trouve le d\u00e9sir de faire rayonner le message de <strong data-start=\"96\" data-end=\"137\"><span class=\"hover:entity-accent entity-underline inline cursor-pointer align-baseline\"><span class=\"whitespace-normal\">Kibeho<\/span><\/span><\/strong> au-del\u00e0 des fronti\u00e8res, afin qu\u2019il touche les c\u0153urs et transforme les vies. Nous voulons \u00eatre fid\u00e8le \u00e0 notre m\u00e8re la Sainte Vierge et remettre en lumi\u00e8re le chapelet des 7 douleurs tel qu\u2019elle l\u2019a elle-m\u00eame enseign\u00e9 aux 7 saints fondateurs de la congr\u00e9gation des serv\u00eetes de la Sainte Vierge en 1233 \u00e0 Florence en Italie. Si Elle est revenue encore une fois enseigner elle-m\u00eame ce chapelet et demander qu\u2019il soit r\u00e9mis en lumi\u00e8re 750 ans plus tard, c\u2019est qu\u2019elle y accorde de l\u2019importance et qu\u2019elle sait que cette forme de pri\u00e8re a la force dont le monde en d\u00e9tresse a besoin. \u00c0 travers diff\u00e9rentes initiatives spirituelles, \u00e9ducatives et communautaires, nous \u0153uvrons \u00e0 promouvoir la d\u00e9votion \u00e0 Notre-Dame de Kibeho et \u00e0 accompagner les fid\u00e8les dans leur cheminement de foi par tout les moyens de communication disponibles comme les r\u00e9seaux sociaux et autres initiatives de nos membres.<\/p><h3 data-start=\"413\" data-end=\"456\"><img decoding=\"async\" class=\"emoji\" role=\"img\" draggable=\"false\" src=\"https:\/\/s.w.org\/images\/core\/emoji\/17.0.2\/svg\/1f54a.svg\" alt=\"\ud83d\udd4a\ufe0f\" \/>\u00a0Promotion du message de Kibeho<\/h3><p data-start=\"457\" data-end=\"881\">Nous comptons organiser des conf\u00e9rences, rencontres spirituelles et sessions d\u2019enseignement pour faire conna\u00eetre le contexte des apparitions, leur reconnaissance par l\u2019\u00c9glise et leur message central : conversion, pri\u00e8re sinc\u00e8re, repentir et esp\u00e9rance.<br data-start=\"700\" data-end=\"703\" \/>Nous mettrons \u00e9galement \u00e0 disposition des ressources (articles, publications, supports num\u00e9riques) pour approfondir la compr\u00e9hension de cette gr\u00e2ce particuli\u00e8re accord\u00e9e au monde en passant par Kibeho au Rwanda.<\/p><h3 data-start=\"883\" data-end=\"934\"><img decoding=\"async\" class=\"emoji\" role=\"img\" draggable=\"false\" src=\"https:\/\/s.w.org\/images\/core\/emoji\/17.0.2\/svg\/1f4ff.svg\" alt=\"\ud83d\udcff\" \/>\u00a0Promotion du Chapelet des Sept Douleurs<\/h3><p data-start=\"935\" data-end=\"1066\">Nous voulons que le chapelet des 7 douleurs que la sainte vierge a ramen\u00e9 dans les apparitions de Kibeho occupe une place essentielle dans notre mission. Pour y arriver, nous allons :<\/p><ol><li data-start=\"935\" data-end=\"1066\">Motiver et encourager la cr\u00e9ation des rassemblements communautaires et r\u00e9pandre le contenu de la pri\u00e8re par le chapelet des 7 douleurs de la Sainte Vierge.<\/li><li data-start=\"935\" data-end=\"1066\">Chercher et saisir les opportunit\u00e9s des rassemblements spirituel pour parler de ce chapelet et de son histoire et r\u00e9pandre son contenu et sa formule.<\/li><\/ol><p>Notre objectif est de motiver les fid\u00e8les catholique \u00e0 int\u00e9grer cette pri\u00e8re le plus r\u00e9guli\u00e8rement possible dans leur vie quotidienne.<\/p><h3 data-start=\"1308\" data-end=\"1366\"><img decoding=\"async\" class=\"emoji\" role=\"img\" draggable=\"false\" src=\"https:\/\/s.w.org\/images\/core\/emoji\/17.0.2\/svg\/1f30d.svg\" alt=\"\ud83c\udf0d\" \/>\u00a0Organisation et accompagnement des p\u00e8lerinages<\/h3><p data-start=\"1367\" data-end=\"1482\">Nous comptons porter assistance aux p\u00e8lerins qui souhaitent se rendre au sanctuaire Marial de notre Dame de Kibeho.<\/p><ol><li data-start=\"1367\" data-end=\"1482\">Avant le d\u00e9part ce qu\u2019il faut savoir sur la localit\u00e9 ce qu\u2019il faut \u00e9viter pour maximiser la qui\u00e9tude n\u00e9cessaire afin de r\u00e9ussir son p\u00e8lerinage et en garder des souvenirs ind\u00e9l\u00e9biles.<\/li><li data-start=\"1367\" data-end=\"1482\">La coordination logistique<\/li><li data-start=\"1367\" data-end=\"1482\">L&rsquo;encadrement spirituel et pastoral pendant le p\u00e8lerinage.<\/li><\/ol><p>Nous encourageons \u00e9galement les p\u00e8lerinages locaux et internationaux afin de permettre \u00e0 chacun de vivre une exp\u00e9rience profonde de foi et de renouveau.<\/p><h3 data-start=\"1769\" data-end=\"1821\"><img decoding=\"async\" class=\"emoji\" role=\"img\" draggable=\"false\" src=\"https:\/\/s.w.org\/images\/core\/emoji\/17.0.2\/svg\/1f91d.svg\" alt=\"\ud83e\udd1d\" \/>\u00a0Engagement communautaire et partenariats<\/h3><p data-start=\"1822\" data-end=\"1875\">Notre organisation favorise la collaboration avec :<\/p><ol><li data-start=\"1878\" data-end=\"1895\">Des paroisses ;<\/li><li data-start=\"1878\" data-end=\"1895\">Des mouvements spirituels ;<\/li><li data-start=\"1878\" data-end=\"1895\">Des communaut\u00e9s chr\u00e9tiennes au Canada et ailleurs.<\/li><\/ol><p data-start=\"1984\" data-end=\"2102\">Nous croyons que le message de Kibeho est universel et qu\u2019il doit \u00eatre partag\u00e9 dans un esprit d\u2019unit\u00e9 et de communion.<\/p><h3 data-start=\"2104\" data-end=\"2167\"><img decoding=\"async\" class=\"emoji\" role=\"img\" draggable=\"false\" src=\"https:\/\/s.w.org\/images\/core\/emoji\/17.0.2\/svg\/1f393.svg\" alt=\"\ud83c\udf93\" \/>\u00a0Formation et transmission aux nouvelles g\u00e9n\u00e9rations<\/h3><p data-start=\"2168\" data-end=\"2471\">Nous mettons un accent sur l\u2019\u00e9ducation spirituelle des jeunes et des familles.<br data-start=\"2258\" data-end=\"2261\" \/>\u00c0 travers des ateliers, des rencontres et des programmes adapt\u00e9s, nous souhaitons transmettre l\u2019h\u00e9ritage spirituel de Kibeho \u00e0 la jeunesse et aux g\u00e9n\u00e9rations futures, afin que le message d\u2019esp\u00e9rance continue de porter du fruit.<\/p><p data-start=\"2478\" data-end=\"2676\" data-is-last-node=\"\" data-is-only-node=\"\">\u00c0 travers toutes ces activit\u00e9s, nous cherchons \u00e0 faire de notre organisation un pont vivant entre Kibeho et le monde, un instrument au service de la paix, de la pri\u00e8re et de la conversion des c\u0153urs.<\/p>\t\t\t\t\t\t\t\t<\/div>\n\t\t\t\t<div class=\"elementor-element elementor-element-5352ab9 elementor-widget elementor-widget-text-editor\" data-id=\"5352ab9\" data-element_type=\"widget\" data-e-type=\"widget\" data-widget_type=\"text-editor.default\">\n\t\t\t\t\t\t\t\t\t<p>Anim\u00e9s par le d\u00e9sir de transmettre fid\u00e8lement le message re\u00e7u \u00e0 Kibeho, nous \u0153uvrons \u00e0 faire conna\u00eetre son importance spirituelle, \u00e0 promouvoir la d\u00e9votion mariale qui en d\u00e9coule et \u00e0 accompagner toute personne d\u00e9sireuse de mieux comprendre cette exp\u00e9rience unique. Nous voulons le faire en puisant dans nos souvenirs mais surtout en puisant \u00e0 la source les archives disponibles au sanctuaire marial de Kibeho.\u00a0 Nous voulons cr\u00e9er un pont entre les g\u00e9n\u00e9rations, les cultures et les nations, afin que le message d\u2019esp\u00e9rance et de conversion ne reste pas limit\u00e9 \u00e0 un lieu, mais rayonne universellement.<\/p><p data-start=\"1367\" data-end=\"1580\">Notre mission est donc double : pr\u00e9server l\u2019authenticit\u00e9 et la profondeur du message de Kibeho, et offrir un espace d\u2019information, de formation et d\u2019accompagnement aux p\u00e8lerins et aux fid\u00e8les \u00e0 travers le monde.<\/p><p data-start=\"1582\" data-end=\"1779\" data-is-last-node=\"\" data-is-only-node=\"\">\u00c0 travers nos initiatives, nous souhaitons contribuer \u00e0 faire de Kibeho non seulement un sanctuaire g\u00e9ographique, mais aussi une source vivante de foi, d\u2019unit\u00e9 et de transformation pour l\u2019humanit\u00e9.<\/p>\t\t\t\t\t\t\t\t<\/div>\n\t\t\t\t<\/div>\n\t\t\t\t<\/div>","protected":false},"excerpt":{"rendered":"<p>Nos Activit\u00e9s Au c\u0153ur de notre mission se trouve le d\u00e9sir de faire rayonner le message de Kibeho au-del\u00e0 des fronti\u00e8res, afin qu\u2019il touche les c\u0153urs et transforme les vies. [&hellip;]<\/p>","protected":false},"author":1,"featured_media":0,"parent":0,"menu_order":0,"comment_status":"closed","ping_status":"closed","template":"","meta":{"give_campaign_id":0,"site-sidebar-layout":"no-sidebar","site-content-layout":"","ast-site-content-layout":"full-width-container","site-content-style":"default","site-sidebar-style":"default","ast-global-header-display":"","ast-banner-title-visibility":"","ast-main-header-display":"","ast-hfb-above-header-display":"","ast-hfb-below-header-display":"","ast-hfb-mobile-header-display":"","site-post-title":"","ast-breadcrumbs-content":"","ast-featured-img":"disabled","footer-sml-layout":"","ast-disable-related-posts":"","theme-transparent-header-meta":"","adv-header-id-meta":"","stick-header-meta":"","header-above-stick-meta":"","header-main-stick-meta":"","header-below-stick-meta":"","astra-migrate-meta-layouts":"default","ast-page-background-enabled":"default","ast-page-background-meta":{"desktop":{"background-color":"var(--ast-global-color-5)","background-image":"","background-repeat":"repeat","background-position":"center center","background-size":"auto","background-attachment":"scroll","background-type":"","background-media":"","overlay-type":"","overlay-color":"","overlay-opacity":"","overlay-gradient":""},"tablet":{"background-color":"","background-image":"","background-repeat":"repeat","background-position":"center center","background-size":"auto","background-attachment":"scroll","background-type":"","background-media":"","overlay-type":"","overlay-color":"","overlay-opacity":"","overlay-gradient":""},"mobile":{"background-color":"","background-image":"","background-repeat":"repeat","background-position":"center center","background-size":"auto","background-attachment":"scroll","background-type":"","background-media":"","overlay-type":"","overlay-color":"","overlay-opacity":"","overlay-gradient":""}},"ast-content-background-meta":{"desktop":{"background-color":"var(--ast-global-color-4)","background-image":"","background-repeat":"repeat","background-position":"center center","background-size":"auto","background-attachment":"scroll","background-type":"","background-media":"","overlay-type":"","overlay-color":"","overlay-opacity":"","overlay-gradient":""},"tablet":{"background-color":"var(--ast-global-color-4)","background-image":"","background-repeat":"repeat","background-position":"center center","background-size":"auto","background-attachment":"scroll","background-type":"","background-media":"","overlay-type":"","overlay-color":"","overlay-opacity":"","overlay-gradient":""},"mobile":{"background-color":"var(--ast-global-color-4)","background-image":"","background-repeat":"repeat","background-position":"center center","background-size":"auto","background-attachment":"scroll","background-type":"","background-media":"","overlay-type":"","overlay-color":"","overlay-opacity":"","overlay-gradient":""}},"footnotes":""},"class_list":["post-328","page","type-page","status-publish","hentry"],"aioseo_notices":[],"campaignId":"","_links":{"self":[{"href":"https:\/\/www.fipnotredamedekibeho.org\/en_gb\/wp-json\/wp\/v2\/pages\/328","targetHints":{"allow":["GET"]}}],"collection":[{"href":"https:\/\/www.fipnotredamedekibeho.org\/en_gb\/wp-json\/wp\/v2\/pages"}],"about":[{"href":"https:\/\/www.fipnotredamedekibeho.org\/en_gb\/wp-json\/wp\/v2\/types\/page"}],"author":[{"embeddable":true,"href":"https:\/\/www.fipnotredamedekibeho.org\/en_gb\/wp-json\/wp\/v2\/users\/1"}],"replies":[{"embeddable":true,"href":"https:\/\/www.fipnotredamedekibeho.org\/en_gb\/wp-json\/wp\/v2\/comments?post=328"}],"version-history":[{"count":10,"href":"https:\/\/www.fipnotredamedekibeho.org\/en_gb\/wp-json\/wp\/v2\/pages\/328\/revisions"}],"predecessor-version":[{"id":516,"href":"https:\/\/www.fipnotredamedekibeho.org\/en_gb\/wp-json\/wp\/v2\/pages\/328\/revisions\/516"}],"wp:attachment":[{"href":"https:\/\/www.fipnotredamedekibeho.org\/en_gb\/wp-json\/wp\/v2\/media?parent=328"}],"curies":[{"name":"wp","href":"https:\/\/api.w.org\/{rel}","templated":true}]}}