{"id":19,"date":"2026-01-18T14:57:48","date_gmt":"2026-01-18T14:57:48","guid":{"rendered":"https:\/\/www.fipnotredamedekibeho.org\/about\/"},"modified":"2026-03-31T13:29:04","modified_gmt":"2026-03-31T13:29:04","slug":"about","status":"publish","type":"page","link":"https:\/\/www.fipnotredamedekibeho.org\/en_gb\/about\/","title":{"rendered":""},"content":{"rendered":"<div data-elementor-type=\"wp-page\" data-elementor-id=\"19\" class=\"elementor elementor-19\">\n\t\t\t\t<div class=\"elementor-element elementor-element-0572a3d e-flex e-con-boxed e-con e-parent\" data-id=\"0572a3d\" data-element_type=\"container\" data-e-type=\"container\">\n\t\t\t\t\t<div class=\"e-con-inner\">\n\t\t<div class=\"elementor-element elementor-element-398bd49 e-con-full e-flex e-con e-child\" data-id=\"398bd49\" data-element_type=\"container\" data-e-type=\"container\">\n\t\t\t\t<div class=\"elementor-element elementor-element-667e592 elementor-widget elementor-widget-text-editor\" data-id=\"667e592\" data-element_type=\"widget\" data-e-type=\"widget\" data-widget_type=\"text-editor.default\">\n\t\t\t\t\t\t\t\t\t<h3 data-start=\"0\" data-end=\"22\">\u00c0 propos de nous<\/h3><p data-start=\"24\" data-end=\"560\">Les Apparitions Mariales de <strong data-start=\"52\" data-end=\"93\">Kibeho<\/strong>, survenues dans les ann\u00e9es 1980, de 1981 \u00e0 1989 sur la colline de Kibeho, situ\u00e9e au sud du <strong data-start=\"129\" data-end=\"170\">Rwanda<\/strong>, ont marqu\u00e9 profond\u00e9ment l\u2019histoire spirituelle du pays et du monde catholique. Reconnues officiellement par l\u2019\u00c9glise catholique le 29 juin 2001, elles ont transmis un message de conversion, de pri\u00e8re, de repentir et d\u2019esp\u00e9rance pour l\u2019humanit\u00e9 tout enti\u00e8re. Kibeho est aujourd\u2019hui un lieu de p\u00e8lerinage international, attirant des fid\u00e8les venus chercher r\u00e9confort, paix int\u00e9rieure et renouveau spirituel.<\/p><p data-start=\"24\" data-end=\"560\">Notre organisation est n\u00e9e du c\u0153ur et de l\u2019engagement de Rwandais vivant au Canada, qui ont personnellement v\u00e9cu l\u2019exp\u00e9rience des apparitions ou grandi dans leur rayonnement spirituel. Profond\u00e9ment transform\u00e9s par ce qu\u2019ils ont vu, entendu et compris \u00e0 travers ces \u00e9v\u00e9nements, ils ont ressenti l\u2019appel de partager cette gr\u00e2ce avec le monde entier\u00a0en commen\u00e7ant par leur pays d\u2019accueil le Canada.<\/p><p data-start=\"24\" data-end=\"560\">Anim\u00e9s par le d\u00e9sir de transmettre fid\u00e8lement le message re\u00e7u \u00e0 Kibeho, nous \u0153uvrons \u00e0 faire conna\u00eetre son importance spirituelle, \u00e0 promouvoir la d\u00e9votion mariale qui en d\u00e9coule et \u00e0 accompagner toute personne d\u00e9sireuse de mieux comprendre cette exp\u00e9rience unique. Nous voulons le faire en puisant dans nos souvenirs mais surtout en puisant \u00e0 la source dans les archives disponibles au sanctuaire marial de Kibeho, et cr\u00e9er ainsi un pont entre les g\u00e9n\u00e9rations, les cultures et les nations, afin que le message d\u2019esp\u00e9rance et de conversion ne reste pas limit\u00e9 \u00e0 un lieu, mais rayonne universellement.<\/p>\t\t\t\t\t\t\t\t<\/div>\n\t\t\t\t<\/div>\n\t\t<div class=\"elementor-element elementor-element-3618e1d e-con-full e-flex e-con e-child\" data-id=\"3618e1d\" data-element_type=\"container\" data-e-type=\"container\">\n\t\t<div class=\"elementor-element elementor-element-c6c5f54 e-con-full e-flex e-con e-child\" data-id=\"c6c5f54\" data-element_type=\"container\" data-e-type=\"container\">\n\t\t\t\t<div class=\"elementor-element elementor-element-29e9979 elementor-widget elementor-widget-image\" data-id=\"29e9979\" data-element_type=\"widget\" data-e-type=\"widget\" data-widget_type=\"image.default\">\n\t\t\t\t\t\t\t\t\t\t\t\t\t\t\t<img fetchpriority=\"high\" decoding=\"async\" width=\"1024\" height=\"636\" src=\"https:\/\/www.fipnotredamedekibeho.org\/wp-content\/uploads\/2026\/03\/person.jpg-1024x636.jpeg\" class=\"attachment-large size-large wp-image-463\" alt=\"\" srcset=\"https:\/\/www.fipnotredamedekibeho.org\/wp-content\/uploads\/2026\/03\/person.jpg-1024x636.jpeg 1024w, https:\/\/www.fipnotredamedekibeho.org\/wp-content\/uploads\/2026\/03\/person.jpg-300x186.jpeg 300w, https:\/\/www.fipnotredamedekibeho.org\/wp-content\/uploads\/2026\/03\/person.jpg-768x477.jpeg 768w, https:\/\/www.fipnotredamedekibeho.org\/wp-content\/uploads\/2026\/03\/person.jpg-1536x954.jpeg 1536w, https:\/\/www.fipnotredamedekibeho.org\/wp-content\/uploads\/2026\/03\/person.jpg-2048x1272.jpeg 2048w, https:\/\/www.fipnotredamedekibeho.org\/wp-content\/uploads\/2026\/03\/person.jpg-18x12.jpeg 18w\" sizes=\"(max-width: 1024px) 100vw, 1024px\" \/>\t\t\t\t\t\t\t\t\t\t\t\t\t\t\t<\/div>\n\t\t\t\t<\/div>\n\t\t<div class=\"elementor-element elementor-element-823015d e-con-full e-flex e-con e-child\" data-id=\"823015d\" data-element_type=\"container\" data-e-type=\"container\">\n\t\t\t\t<div class=\"elementor-element elementor-element-f87f5a3 elementor-widget elementor-widget-image\" data-id=\"f87f5a3\" data-element_type=\"widget\" data-e-type=\"widget\" data-widget_type=\"image.default\">\n\t\t\t\t\t\t\t\t\t\t\t\t\t\t\t<img decoding=\"async\" width=\"1024\" height=\"768\" src=\"https:\/\/www.fipnotredamedekibeho.org\/wp-content\/uploads\/2026\/03\/WhatsApp-Image-2026-03-30-at-7.13.39-PM.jpeg\" class=\"attachment-large size-large wp-image-1240\" alt=\"\" srcset=\"https:\/\/www.fipnotredamedekibeho.org\/wp-content\/uploads\/2026\/03\/WhatsApp-Image-2026-03-30-at-7.13.39-PM.jpeg 1024w, https:\/\/www.fipnotredamedekibeho.org\/wp-content\/uploads\/2026\/03\/WhatsApp-Image-2026-03-30-at-7.13.39-PM-300x225.jpeg 300w, https:\/\/www.fipnotredamedekibeho.org\/wp-content\/uploads\/2026\/03\/WhatsApp-Image-2026-03-30-at-7.13.39-PM-768x576.jpeg 768w, https:\/\/www.fipnotredamedekibeho.org\/wp-content\/uploads\/2026\/03\/WhatsApp-Image-2026-03-30-at-7.13.39-PM-16x12.jpeg 16w\" sizes=\"(max-width: 1024px) 100vw, 1024px\" \/>\t\t\t\t\t\t\t\t\t\t\t\t\t\t\t<\/div>\n\t\t\t\t<\/div>\n\t\t\t\t<\/div>\n\t\t\t\t\t<\/div>\n\t\t\t\t<\/div>\n\t\t<div class=\"elementor-element elementor-element-1f343b8 e-flex e-con-boxed e-con e-parent\" data-id=\"1f343b8\" data-element_type=\"container\" data-e-type=\"container\">\n\t\t\t\t\t<div class=\"e-con-inner\">\n\t\t\t\t<div class=\"elementor-element elementor-element-c342363 elementor-widget elementor-widget-text-editor\" data-id=\"c342363\" data-element_type=\"widget\" data-e-type=\"widget\" data-widget_type=\"text-editor.default\">\n\t\t\t\t\t\t\t\t\t<p data-start=\"1367\" data-end=\"1580\">Notre mission est donc double : pr\u00e9server l\u2019authenticit\u00e9 et la profondeur du message de Kibeho, et offrir un espace d\u2019information, de formation et d\u2019accompagnement aux p\u00e8lerins et aux fid\u00e8les \u00e0 travers le monde. C\u2019est pour cela que depuis les balbutiements de l&rsquo;initiative nous sommes accompagn\u00e9s par les autorit\u00e9s de l\u2019\u00c9glise Catholique des consacr\u00e9s de diverses congregations surtout celles de l\u2019ob\u00e9dience mariale ainsi que les responsables du Sanctuaire marial de Kibeho.<\/p><p data-start=\"1582\" data-end=\"1779\" data-is-last-node=\"\" data-is-only-node=\"\">\u00c0 travers nos initiatives, nous souhaitons contribuer \u00e0 faire de Kibeho non seulement un sanctuaire g\u00e9ographique, mais aussi une source vivante de foi, d\u2019unit\u00e9 et de transformation pour l\u2019humanit\u00e9.<\/p><h3 data-section-id=\"1ptt60b\" data-start=\"3012\" data-end=\"3050\"><span role=\"text\"><strong data-start=\"3016\" data-end=\"3050\">Un avertissement pour le monde<\/strong><\/span><\/h3><p data-start=\"3052\" data-end=\"3328\">Les apparitions de Kibeho comportent \u00e9galement une dimension proph\u00e9tique. \u00c0 travers certaines visions accord\u00e9es aux voyantes, la M\u00e8re du Verbe a montr\u00e9 des images de violence, de souffrance et de d\u00e9sordre. Ces visions constituent un avertissement s\u00e9rieux adress\u00e9 \u00e0 l\u2019humanit\u00e9.<\/p><p data-start=\"3330\" data-end=\"3675\">Elle appelle \u00e0 une prise de conscience collective des cons\u00e9quences du p\u00e9ch\u00e9, de la haine et du rejet de Dieu. Ce message n\u2019est pas destin\u00e9 \u00e0 effrayer, mais \u00e0 r\u00e9veiller les consciences. Il invite chacun \u00e0 changer de vie, \u00e0 revenir \u00e0 Dieu et \u00e0 choisir le chemin de la paix, afin d\u2019\u00e9viter les trag\u00e9dies que peuvent engendrer les divisions humaines.<\/p><h3 data-section-id=\"h22jfn\" data-start=\"3682\" data-end=\"3729\"><span role=\"text\"><strong data-start=\"3686\" data-end=\"3729\">L\u2019amour, le pardon et la r\u00e9conciliation<\/strong><\/span><\/h3><p data-start=\"3731\" data-end=\"4036\">Au centre du message de Kibeho se trouve un appel profond \u00e0 l\u2019amour fraternel. La M\u00e8re du Verbe insiste sur la n\u00e9cessit\u00e9 de s\u2019aimer les uns les autres, de d\u00e9passer les divisions et de vivre dans la paix. Elle rappelle que le pardon est une condition essentielle pour la gu\u00e9rison des c\u0153urs et des soci\u00e9t\u00e9s.<\/p><p data-start=\"4038\" data-end=\"4369\">Dans un contexte marqu\u00e9 par des tensions et des conflits, ce message prend une force particuli\u00e8re. Il invite \u00e0 rejeter la haine, \u00e0 renoncer \u00e0 la vengeance et \u00e0 construire des relations fond\u00e9es sur la v\u00e9rit\u00e9 et la charit\u00e9. La r\u00e9conciliation appara\u00eet ainsi comme un chemin indispensable pour b\u00e2tir un monde plus juste et plus humain.<\/p><p data-start=\"4038\" data-end=\"4369\">\u00a0<\/p>\t\t\t\t\t\t\t\t<\/div>\n\t\t\t\t\t<\/div>\n\t\t\t\t<\/div>\n\t\t\t\t<\/div>","protected":false},"excerpt":{"rendered":"<p>\u00c0 propos de nous Les Apparitions Mariales de Kibeho, survenues dans les ann\u00e9es 1980, de 1981 \u00e0 1989 sur la colline de Kibeho, situ\u00e9e au sud du Rwanda, ont marqu\u00e9 [&hellip;]<\/p>","protected":false},"author":1,"featured_media":0,"parent":0,"menu_order":0,"comment_status":"closed","ping_status":"closed","template":"","meta":{"give_campaign_id":0,"site-sidebar-layout":"default","site-content-layout":"","ast-site-content-layout":"default","site-content-style":"default","site-sidebar-style":"default","ast-global-header-display":"","ast-banner-title-visibility":"","ast-main-header-display":"","ast-hfb-above-header-display":"","ast-hfb-below-header-display":"","ast-hfb-mobile-header-display":"","site-post-title":"","ast-breadcrumbs-content":"","ast-featured-img":"","footer-sml-layout":"","ast-disable-related-posts":"","theme-transparent-header-meta":"","adv-header-id-meta":"","stick-header-meta":"","header-above-stick-meta":"","header-main-stick-meta":"","header-below-stick-meta":"","astra-migrate-meta-layouts":"default","ast-page-background-enabled":"default","ast-page-background-meta":{"desktop":{"background-color":"var(--ast-global-color-5)","background-image":"","background-repeat":"repeat","background-position":"center center","background-size":"auto","background-attachment":"scroll","background-type":"","background-media":"","overlay-type":"","overlay-color":"","overlay-opacity":"","overlay-gradient":""},"tablet":{"background-color":"","background-image":"","background-repeat":"repeat","background-position":"center center","background-size":"auto","background-attachment":"scroll","background-type":"","background-media":"","overlay-type":"","overlay-color":"","overlay-opacity":"","overlay-gradient":""},"mobile":{"background-color":"","background-image":"","background-repeat":"repeat","background-position":"center center","background-size":"auto","background-attachment":"scroll","background-type":"","background-media":"","overlay-type":"","overlay-color":"","overlay-opacity":"","overlay-gradient":""}},"ast-content-background-meta":{"desktop":{"background-color":"var(--ast-global-color-4)","background-image":"","background-repeat":"repeat","background-position":"center center","background-size":"auto","background-attachment":"scroll","background-type":"","background-media":"","overlay-type":"","overlay-color":"","overlay-opacity":"","overlay-gradient":""},"tablet":{"background-color":"var(--ast-global-color-4)","background-image":"","background-repeat":"repeat","background-position":"center center","background-size":"auto","background-attachment":"scroll","background-type":"","background-media":"","overlay-type":"","overlay-color":"","overlay-opacity":"","overlay-gradient":""},"mobile":{"background-color":"var(--ast-global-color-4)","background-image":"","background-repeat":"repeat","background-position":"center center","background-size":"auto","background-attachment":"scroll","background-type":"","background-media":"","overlay-type":"","overlay-color":"","overlay-opacity":"","overlay-gradient":""}},"footnotes":""},"class_list":["post-19","page","type-page","status-publish","hentry"],"aioseo_notices":[],"campaignId":"","_links":{"self":[{"href":"https:\/\/www.fipnotredamedekibeho.org\/en_gb\/wp-json\/wp\/v2\/pages\/19","targetHints":{"allow":["GET"]}}],"collection":[{"href":"https:\/\/www.fipnotredamedekibeho.org\/en_gb\/wp-json\/wp\/v2\/pages"}],"about":[{"href":"https:\/\/www.fipnotredamedekibeho.org\/en_gb\/wp-json\/wp\/v2\/types\/page"}],"author":[{"embeddable":true,"href":"https:\/\/www.fipnotredamedekibeho.org\/en_gb\/wp-json\/wp\/v2\/users\/1"}],"replies":[{"embeddable":true,"href":"https:\/\/www.fipnotredamedekibeho.org\/en_gb\/wp-json\/wp\/v2\/comments?post=19"}],"version-history":[{"count":10,"href":"https:\/\/www.fipnotredamedekibeho.org\/en_gb\/wp-json\/wp\/v2\/pages\/19\/revisions"}],"predecessor-version":[{"id":1249,"href":"https:\/\/www.fipnotredamedekibeho.org\/en_gb\/wp-json\/wp\/v2\/pages\/19\/revisions\/1249"}],"wp:attachment":[{"href":"https:\/\/www.fipnotredamedekibeho.org\/en_gb\/wp-json\/wp\/v2\/media?parent=19"}],"curies":[{"name":"wp","href":"https:\/\/api.w.org\/{rel}","templated":true}]}}